{"id":42,"date":"2018-11-13T13:28:34","date_gmt":"2018-11-13T13:28:34","guid":{"rendered":"https:\/\/themes.getmotopress.com\/palmeria\/?page_id=42"},"modified":"2025-03-03T21:58:57","modified_gmt":"2025-03-03T21:58:57","slug":"welcome-to-palmeria-hotel","status":"publish","type":"page","link":"https:\/\/loga.camp\/","title":{"rendered":"Die Finca am eigenen Horizont"},"content":{"rendered":"\n<p> <\/p>\n","protected":false},"excerpt":{"rendered":"<p>camp LOGA ist eine Finca in Andalusien, wo sich Menschen treffen, die Ruhe, Klarheit und Neuanfang suchen. 4 km vom n\u00e4chsten Ort entfernt, in mitten der Natur auf einem eigenen H\u00fcgel gelegen. Gastfreundschaft und philosophische Gespr\u00e4che in der Tradition von Seneca, Platon und Sokrates.<\/p>\n","protected":false},"author":1,"featured_media":610,"parent":0,"menu_order":0,"comment_status":"closed","ping_status":"closed","template":"template-front-page.php","meta":{"footnotes":""},"class_list":["post-42","page","type-page","status-publish","has-post-thumbnail","hentry"],"_links":{"self":[{"href":"https:\/\/loga.camp\/index.php?rest_route=\/wp\/v2\/pages\/42","targetHints":{"allow":["GET"]}}],"collection":[{"href":"https:\/\/loga.camp\/index.php?rest_route=\/wp\/v2\/pages"}],"about":[{"href":"https:\/\/loga.camp\/index.php?rest_route=\/wp\/v2\/types\/page"}],"author":[{"embeddable":true,"href":"https:\/\/loga.camp\/index.php?rest_route=\/wp\/v2\/users\/1"}],"replies":[{"embeddable":true,"href":"https:\/\/loga.camp\/index.php?rest_route=%2Fwp%2Fv2%2Fcomments&post=42"}],"version-history":[{"count":6,"href":"https:\/\/loga.camp\/index.php?rest_route=\/wp\/v2\/pages\/42\/revisions"}],"predecessor-version":[{"id":613,"href":"https:\/\/loga.camp\/index.php?rest_route=\/wp\/v2\/pages\/42\/revisions\/613"}],"wp:featuredmedia":[{"embeddable":true,"href":"https:\/\/loga.camp\/index.php?rest_route=\/wp\/v2\/media\/610"}],"wp:attachment":[{"href":"https:\/\/loga.camp\/index.php?rest_route=%2Fwp%2Fv2%2Fmedia&parent=42"}],"curies":[{"name":"wp","href":"https:\/\/api.w.org\/{rel}","templated":true}]}}